{"id":5101,"date":"2023-08-21T14:38:33","date_gmt":"2023-08-21T12:38:33","guid":{"rendered":"https:\/\/gw2.staubdesign.de\/mentions-legales\/"},"modified":"2024-01-29T10:10:47","modified_gmt":"2024-01-29T09:10:47","slug":"mentions-legales","status":"publish","type":"page","link":"https:\/\/gw2.staubdesign.de\/fr\/mentions-legales\/","title":{"rendered":"Mentions l\u00e9gales"},"content":{"rendered":"\t\t<div data-elementor-type=\"wp-page\" data-elementor-id=\"5101\" class=\"elementor elementor-5101 elementor-2953\">\n\t\t\t\t<div class=\"elementor-element elementor-element-db84487 e-flex e-con-boxed e-con e-parent\" data-id=\"db84487\" data-element_type=\"container\" data-settings=\"{&quot;container_type&quot;:&quot;flex&quot;,&quot;content_width&quot;:&quot;boxed&quot;}\" data-core-v316-plus=\"true\">\n\t\t\t\t\t<div class=\"e-con-inner\">\n\t\t\t\t<div class=\"elementor-element elementor-element-f94107c elementor-widget elementor-widget-heading\" data-id=\"f94107c\" data-element_type=\"widget\" data-widget_type=\"heading.default\">\n\t\t\t\t<div class=\"elementor-widget-container\">\n\t\t\t<style>\/*! elementor - v3.19.0 - 26-02-2024 *\/\n.elementor-heading-title{padding:0;margin:0;line-height:1}.elementor-widget-heading .elementor-heading-title[class*=elementor-size-]>a{color:inherit;font-size:inherit;line-height:inherit}.elementor-widget-heading .elementor-heading-title.elementor-size-small{font-size:15px}.elementor-widget-heading .elementor-heading-title.elementor-size-medium{font-size:19px}.elementor-widget-heading .elementor-heading-title.elementor-size-large{font-size:29px}.elementor-widget-heading .elementor-heading-title.elementor-size-xl{font-size:39px}.elementor-widget-heading .elementor-heading-title.elementor-size-xxl{font-size:59px}<\/style><h1 class=\"elementor-heading-title elementor-size-default\">Mentions l\u00e9gales<\/h1>\t\t<\/div>\n\t\t\t\t<\/div>\n\t\t\t\t<div class=\"elementor-element elementor-element-f06c0e5 elementor-widget elementor-widget-text-editor\" data-id=\"f06c0e5\" data-element_type=\"widget\" data-widget_type=\"text-editor.default\">\n\t\t\t\t<div class=\"elementor-widget-container\">\n\t\t\t<style>\/*! elementor - v3.19.0 - 26-02-2024 *\/\n.elementor-widget-text-editor.elementor-drop-cap-view-stacked .elementor-drop-cap{background-color:#69727d;color:#fff}.elementor-widget-text-editor.elementor-drop-cap-view-framed .elementor-drop-cap{color:#69727d;border:3px solid;background-color:transparent}.elementor-widget-text-editor:not(.elementor-drop-cap-view-default) .elementor-drop-cap{margin-top:8px}.elementor-widget-text-editor:not(.elementor-drop-cap-view-default) .elementor-drop-cap-letter{width:1em;height:1em}.elementor-widget-text-editor .elementor-drop-cap{float:left;text-align:center;line-height:1;font-size:50px}.elementor-widget-text-editor .elementor-drop-cap-letter{display:inline-block}<\/style>\t\t\t\t<p>Exploitant du site au sens du \u00a7 5 de la loi allemande sur les m\u00e9dias \u00e9lectroniques (TMG)<br \/>SHS Strukturholding Saar GmbH<br \/>Rue Balthasar Goldstein 31<br \/>66131 Sarrebruck<br \/>Allemagne<\/p>\n<p>T\u00e9l. : +49 (0)6893\/9899 600<br \/>Courrier \u00e9lectronique : info@strukturholding.de<\/p>\n<p>Site web : <a href=\"https:\/\/www.strukturholding.de\/\" target=\"_blank\" rel=\"noopener\">www.strukturholding.de<\/a><\/p>\n<p><strong>Direction de l&rsquo;entreprise :<\/strong><br \/>Rita Gindorf-Wagner<br \/>Thomas Schuck<br \/>Valentin Holzer<\/p>\n<p><strong>Pr\u00e9sident du conseil de surveillance :<\/strong><br \/>J\u00fcrgen Barke<\/p>\n<p><strong>Registre du commerce:<\/strong>Tribunal d&rsquo;enregistrement : Tribunal d&rsquo;instance de Sarrebruck<br \/>Num\u00e9ro d&rsquo;enregistrement : HRB 11194<\/p>\n<p><strong>Num\u00e9ro d&rsquo;identification de la taxe sur le chiffre d&rsquo;affaires conform\u00e9ment au \u00a7 27 a de la loi sur la taxe sur le chiffre d&rsquo;affaires :<\/strong><br \/>FR 191937540<br \/>Responsable du contenu conform\u00e9ment au \u00a7 55 Abs.<br \/>\n2 RStV : <br \/>Dr. Ludwin Vogel<br \/>SHS Strukturholding Saar GmbH<br \/>Rue Balthasar Goldstein 31<br \/>66131 Sarrebruck<br \/>Allemagne<\/p>\n<p><strong>Droits d&rsquo;auteur et cr\u00e9dits photographiques :<\/strong><br \/>Sauf indication contraire, les contenus de www.germanys.saarland sont prot\u00e9g\u00e9s par des droits d&rsquo;auteur.<br \/>\nLes photographies utilis\u00e9es sont, le cas \u00e9ch\u00e9ant, signal\u00e9es par des cr\u00e9dits photographiques ou mentionn\u00e9es ci-dessous, dans la mesure o\u00f9 elles n&rsquo;ont pas \u00e9t\u00e9 r\u00e9alis\u00e9es par le site lui-m\u00eame.<br \/>\nL&rsquo;utilisation de photographies sur des sites tiers n&rsquo;est possible que dans le cadre de la licence respective des auteurs.  <br \/>Images avec l&rsquo;aimable autorisation de :<\/p>\n<ul>\n<li>gwSaar<\/li>\n<li>Minist\u00e8re de l&rsquo;\u00c9conomie, de l&rsquo;Innovation, du Num\u00e9rique et de l&rsquo;\u00c9nergie de la Sarre<\/li>\n<li>Office du tourisme de la Sarre<\/li>\n<li>Kevin Ehm<\/li>\n<li>Bastian Dittrich<\/li>\n<li>Eike Dubois<\/li>\n<li>ZeMA Centre pour la m\u00e9catronique et l&rsquo;automatisation<\/li>\n<li>VJS Media<\/li>\n<li>Bedeschi<\/li>\n<li>nobilia<\/li>\n<li>Jennifer Weyland<\/li>\n<li>Oddo BHF<\/li>\n<li>Wolfspeed<\/li>\n<li><span class=\"ui-provider a b c d e f g h i j k l m n o p q r s t u v w x y z ab ac ae af ag ah ai aj ak\" dir=\"ltr\">Oliver Dietze<\/span><\/li>\n<\/ul>\n<p><strong>Conception, design &amp; d\u00e9veloppement<\/strong><br \/>STAUB Werbeagentur GmbH, Berlin<br \/>T\u00e9l. : +49 (0)30 &#8211; 89 40 22 00<br \/>Courrier \u00e9lectronique : hello@staub-berlin.de<br \/>Site web : <a href=\"https:\/\/www.staub-berlin.de\/\" target=\"_blank\" rel=\"noopener\">www.staub-berlin.de<\/a><\/p>\n\t\t\t\t\t\t<\/div>\n\t\t\t\t<\/div>\n\t\t\t\t\t<\/div>\n\t\t\t\t<\/div>\n\t\t\t\t<\/div>\n\t\t","protected":false},"excerpt":{"rendered":"<p>Mentions l\u00e9gales Exploitant du site au sens du \u00a7 5 de la loi allemande sur les m\u00e9dias \u00e9lectroniques (TMG)SHS Strukturholding Saar GmbHRue Balthasar Goldstein 3166131 SarrebruckAllemagne T\u00e9l. : +49 (0)6893\/9899 600Courrier \u00e9lectronique : info@strukturholding.de Site web : www.strukturholding.de Direction de l&rsquo;entreprise :Rita Gindorf-WagnerThomas SchuckValentin Holzer Pr\u00e9sident du conseil de surveillance :J\u00fcrgen Barke Registre du commerce:Tribunal [&hellip;]<\/p>\n","protected":false},"author":1,"featured_media":0,"parent":0,"menu_order":0,"comment_status":"closed","ping_status":"closed","template":"","meta":{"site-sidebar-layout":"no-sidebar","site-content-layout":"page-builder","ast-site-content-layout":"","site-content-style":"default","site-sidebar-style":"default","ast-global-header-display":"","ast-banner-title-visibility":"","ast-main-header-display":"","ast-hfb-above-header-display":"","ast-hfb-below-header-display":"","ast-hfb-mobile-header-display":"","site-post-title":"disabled","ast-breadcrumbs-content":"","ast-featured-img":"disabled","footer-sml-layout":"","theme-transparent-header-meta":"","adv-header-id-meta":"","stick-header-meta":"","header-above-stick-meta":"","header-main-stick-meta":"","header-below-stick-meta":"","astra-migrate-meta-layouts":"default","ast-page-background-enabled":"default","ast-page-background-meta":{"desktop":{"background-color":"var(--ast-global-color-4)","background-image":"","background-repeat":"repeat","background-position":"center center","background-size":"auto","background-attachment":"scroll","background-type":"","background-media":"","overlay-type":"","overlay-color":"","overlay-gradient":""},"tablet":{"background-color":"","background-image":"","background-repeat":"repeat","background-position":"center center","background-size":"auto","background-attachment":"scroll","background-type":"","background-media":"","overlay-type":"","overlay-color":"","overlay-gradient":""},"mobile":{"background-color":"","background-image":"","background-repeat":"repeat","background-position":"center center","background-size":"auto","background-attachment":"scroll","background-type":"","background-media":"","overlay-type":"","overlay-color":"","overlay-gradient":""}},"ast-content-background-meta":{"desktop":{"background-color":"var(--ast-global-color-5)","background-image":"","background-repeat":"repeat","background-position":"center center","background-size":"auto","background-attachment":"scroll","background-type":"","background-media":"","overlay-type":"","overlay-color":"","overlay-gradient":""},"tablet":{"background-color":"var(--ast-global-color-5)","background-image":"","background-repeat":"repeat","background-position":"center center","background-size":"auto","background-attachment":"scroll","background-type":"","background-media":"","overlay-type":"","overlay-color":"","overlay-gradient":""},"mobile":{"background-color":"var(--ast-global-color-5)","background-image":"","background-repeat":"repeat","background-position":"center center","background-size":"auto","background-attachment":"scroll","background-type":"","background-media":"","overlay-type":"","overlay-color":"","overlay-gradient":""}},"footnotes":""},"class_list":["post-5101","page","type-page","status-publish","hentry"],"yoast_head":"<!-- This site is optimized with the Yoast SEO plugin v22.1 - https:\/\/yoast.com\/wordpress\/plugins\/seo\/ -->\n<title>Mentions l\u00e9gales - GW Saarland<\/title>\n<meta name=\"robots\" content=\"index, follow, max-snippet:-1, max-image-preview:large, max-video-preview:-1\" \/>\n<link rel=\"canonical\" href=\"https:\/\/gw2.staubdesign.de\/fr\/?page_id=5101\" \/>\n<meta property=\"og:locale\" content=\"fr_FR\" \/>\n<meta property=\"og:type\" content=\"article\" \/>\n<meta property=\"og:title\" content=\"Mentions l\u00e9gales - GW Saarland\" \/>\n<meta property=\"og:description\" content=\"Mentions l\u00e9gales Exploitant du site au sens du \u00a7 5 de la loi allemande sur les m\u00e9dias \u00e9lectroniques (TMG)SHS Strukturholding Saar GmbHRue Balthasar Goldstein 3166131 SarrebruckAllemagne T\u00e9l. : +49 (0)6893\/9899 600Courrier \u00e9lectronique : info@strukturholding.de Site web : www.strukturholding.de Direction de l&rsquo;entreprise :Rita Gindorf-WagnerThomas SchuckValentin Holzer Pr\u00e9sident du conseil de surveillance :J\u00fcrgen Barke Registre du commerce:Tribunal [&hellip;]\" \/>\n<meta property=\"og:url\" content=\"https:\/\/gw2.staubdesign.de\/fr\/?page_id=5101\" \/>\n<meta property=\"og:site_name\" content=\"GW Saarland\" \/>\n<meta property=\"article:publisher\" content=\"https:\/\/www.facebook.com\/germanys.saarland\/\" \/>\n<meta property=\"article:modified_time\" content=\"2024-01-29T09:10:47+00:00\" \/>\n<meta name=\"twitter:card\" content=\"summary_large_image\" \/>\n<meta name=\"twitter:label1\" content=\"Dur\u00e9e de lecture estim\u00e9e\" \/>\n\t<meta name=\"twitter:data1\" content=\"1 minute\" \/>\n<script type=\"application\/ld+json\" class=\"yoast-schema-graph\">{\"@context\":\"https:\/\/schema.org\",\"@graph\":[{\"@type\":\"WebPage\",\"@id\":\"https:\/\/gw2.staubdesign.de\/fr\/?page_id=5101\",\"url\":\"https:\/\/gw2.staubdesign.de\/fr\/?page_id=5101\",\"name\":\"Mentions l\u00e9gales - GW Saarland\",\"isPartOf\":{\"@id\":\"https:\/\/gw2.staubdesign.de\/#website\"},\"datePublished\":\"2023-08-21T12:38:33+00:00\",\"dateModified\":\"2024-01-29T09:10:47+00:00\",\"breadcrumb\":{\"@id\":\"https:\/\/gw2.staubdesign.de\/fr\/?page_id=5101#breadcrumb\"},\"inLanguage\":\"fr-FR\",\"potentialAction\":[{\"@type\":\"ReadAction\",\"target\":[\"https:\/\/gw2.staubdesign.de\/fr\/?page_id=5101\"]}]},{\"@type\":\"BreadcrumbList\",\"@id\":\"https:\/\/gw2.staubdesign.de\/fr\/?page_id=5101#breadcrumb\",\"itemListElement\":[{\"@type\":\"ListItem\",\"position\":1,\"name\":\"Startseite\",\"item\":\"https:\/\/gw2.staubdesign.de\/fr\/\"},{\"@type\":\"ListItem\",\"position\":2,\"name\":\"Mentions l\u00e9gales\"}]},{\"@type\":\"WebSite\",\"@id\":\"https:\/\/gw2.staubdesign.de\/#website\",\"url\":\"https:\/\/gw2.staubdesign.de\/\",\"name\":\"Germanys Saarland\",\"description\":\"\",\"publisher\":{\"@id\":\"https:\/\/gw2.staubdesign.de\/#organization\"},\"potentialAction\":[{\"@type\":\"SearchAction\",\"target\":{\"@type\":\"EntryPoint\",\"urlTemplate\":\"https:\/\/gw2.staubdesign.de\/?s={search_term_string}\"},\"query-input\":\"required name=search_term_string\"}],\"inLanguage\":\"fr-FR\"},{\"@type\":\"Organization\",\"@id\":\"https:\/\/gw2.staubdesign.de\/#organization\",\"name\":\"Germanys Saarland\",\"url\":\"https:\/\/gw2.staubdesign.de\/\",\"logo\":{\"@type\":\"ImageObject\",\"inLanguage\":\"fr-FR\",\"@id\":\"https:\/\/gw2.staubdesign.de\/#\/schema\/logo\/image\/\",\"url\":\"https:\/\/gw2.staubdesign.de\/wp-content\/uploads\/logo-germanys-saarland.svg\",\"contentUrl\":\"https:\/\/gw2.staubdesign.de\/wp-content\/uploads\/logo-germanys-saarland.svg\",\"width\":153,\"height\":48,\"caption\":\"Germanys Saarland\"},\"image\":{\"@id\":\"https:\/\/gw2.staubdesign.de\/#\/schema\/logo\/image\/\"},\"sameAs\":[\"https:\/\/www.facebook.com\/germanys.saarland\/\",\"https:\/\/www.instagram.com\/germanys.saarland\/\",\"https:\/\/de.linkedin.com\/company\/gwsaar-saarland-economic-promotion-corporation\"]}]}<\/script>\n<!-- \/ Yoast SEO plugin. -->","yoast_head_json":{"title":"Mentions l\u00e9gales - GW Saarland","robots":{"index":"index","follow":"follow","max-snippet":"max-snippet:-1","max-image-preview":"max-image-preview:large","max-video-preview":"max-video-preview:-1"},"canonical":"https:\/\/gw2.staubdesign.de\/fr\/?page_id=5101","og_locale":"fr_FR","og_type":"article","og_title":"Mentions l\u00e9gales - GW Saarland","og_description":"Mentions l\u00e9gales Exploitant du site au sens du \u00a7 5 de la loi allemande sur les m\u00e9dias \u00e9lectroniques (TMG)SHS Strukturholding Saar GmbHRue Balthasar Goldstein 3166131 SarrebruckAllemagne T\u00e9l. : +49 (0)6893\/9899 600Courrier \u00e9lectronique : info@strukturholding.de Site web : www.strukturholding.de Direction de l&rsquo;entreprise :Rita Gindorf-WagnerThomas SchuckValentin Holzer Pr\u00e9sident du conseil de surveillance :J\u00fcrgen Barke Registre du commerce:Tribunal [&hellip;]","og_url":"https:\/\/gw2.staubdesign.de\/fr\/?page_id=5101","og_site_name":"GW Saarland","article_publisher":"https:\/\/www.facebook.com\/germanys.saarland\/","article_modified_time":"2024-01-29T09:10:47+00:00","twitter_card":"summary_large_image","twitter_misc":{"Dur\u00e9e de lecture estim\u00e9e":"1 minute"},"schema":{"@context":"https:\/\/schema.org","@graph":[{"@type":"WebPage","@id":"https:\/\/gw2.staubdesign.de\/fr\/?page_id=5101","url":"https:\/\/gw2.staubdesign.de\/fr\/?page_id=5101","name":"Mentions l\u00e9gales - GW Saarland","isPartOf":{"@id":"https:\/\/gw2.staubdesign.de\/#website"},"datePublished":"2023-08-21T12:38:33+00:00","dateModified":"2024-01-29T09:10:47+00:00","breadcrumb":{"@id":"https:\/\/gw2.staubdesign.de\/fr\/?page_id=5101#breadcrumb"},"inLanguage":"fr-FR","potentialAction":[{"@type":"ReadAction","target":["https:\/\/gw2.staubdesign.de\/fr\/?page_id=5101"]}]},{"@type":"BreadcrumbList","@id":"https:\/\/gw2.staubdesign.de\/fr\/?page_id=5101#breadcrumb","itemListElement":[{"@type":"ListItem","position":1,"name":"Startseite","item":"https:\/\/gw2.staubdesign.de\/fr\/"},{"@type":"ListItem","position":2,"name":"Mentions l\u00e9gales"}]},{"@type":"WebSite","@id":"https:\/\/gw2.staubdesign.de\/#website","url":"https:\/\/gw2.staubdesign.de\/","name":"Germanys Saarland","description":"","publisher":{"@id":"https:\/\/gw2.staubdesign.de\/#organization"},"potentialAction":[{"@type":"SearchAction","target":{"@type":"EntryPoint","urlTemplate":"https:\/\/gw2.staubdesign.de\/?s={search_term_string}"},"query-input":"required name=search_term_string"}],"inLanguage":"fr-FR"},{"@type":"Organization","@id":"https:\/\/gw2.staubdesign.de\/#organization","name":"Germanys Saarland","url":"https:\/\/gw2.staubdesign.de\/","logo":{"@type":"ImageObject","inLanguage":"fr-FR","@id":"https:\/\/gw2.staubdesign.de\/#\/schema\/logo\/image\/","url":"https:\/\/gw2.staubdesign.de\/wp-content\/uploads\/logo-germanys-saarland.svg","contentUrl":"https:\/\/gw2.staubdesign.de\/wp-content\/uploads\/logo-germanys-saarland.svg","width":153,"height":48,"caption":"Germanys Saarland"},"image":{"@id":"https:\/\/gw2.staubdesign.de\/#\/schema\/logo\/image\/"},"sameAs":["https:\/\/www.facebook.com\/germanys.saarland\/","https:\/\/www.instagram.com\/germanys.saarland\/","https:\/\/de.linkedin.com\/company\/gwsaar-saarland-economic-promotion-corporation"]}]}},"_links":{"self":[{"href":"https:\/\/gw2.staubdesign.de\/fr\/wp-json\/wp\/v2\/pages\/5101","targetHints":{"allow":["GET"]}}],"collection":[{"href":"https:\/\/gw2.staubdesign.de\/fr\/wp-json\/wp\/v2\/pages"}],"about":[{"href":"https:\/\/gw2.staubdesign.de\/fr\/wp-json\/wp\/v2\/types\/page"}],"author":[{"embeddable":true,"href":"https:\/\/gw2.staubdesign.de\/fr\/wp-json\/wp\/v2\/users\/1"}],"replies":[{"embeddable":true,"href":"https:\/\/gw2.staubdesign.de\/fr\/wp-json\/wp\/v2\/comments?post=5101"}],"version-history":[{"count":2,"href":"https:\/\/gw2.staubdesign.de\/fr\/wp-json\/wp\/v2\/pages\/5101\/revisions"}],"predecessor-version":[{"id":5103,"href":"https:\/\/gw2.staubdesign.de\/fr\/wp-json\/wp\/v2\/pages\/5101\/revisions\/5103"}],"wp:attachment":[{"href":"https:\/\/gw2.staubdesign.de\/fr\/wp-json\/wp\/v2\/media?parent=5101"}],"curies":[{"name":"wp","href":"https:\/\/api.w.org\/{rel}","templated":true}]}}